{"id":25,"date":"2019-04-30T14:32:56","date_gmt":"2019-04-30T12:32:56","guid":{"rendered":"https:\/\/www.starkht.de\/wordpress\/?page_id=25"},"modified":"2023-12-24T10:53:13","modified_gmt":"2023-12-24T09:53:13","slug":"impressum","status":"publish","type":"page","link":"https:\/\/www.starkht.de\/?page_id=25","title":{"rendered":"Impressum"},"content":{"rendered":"\n<p>Torsten Stark<\/p>\n\n\n\n<p>Am Schenkenfeld 23d <\/p>\n\n\n\n<p>D-97209 Veitsh\u00f6chheim <\/p>\n\n\n\n<p>Telefon: <a href=\"tel:+499319911121\">+49 931 9911121 <\/a><\/p>\n\n\n\n<p>Telefax: <a href=\"tel:+499319709384\">+49 931 9709384<\/a> <\/p>\n\n\n\n<p>E-Mail: <a href=\"mailto:info@starkht.de\">info@starkht.de<\/a> <\/p>\n\n\n\n<p>Gesch\u00e4ftsf\u00fchrer: Torsten Stark <\/p>\n\n\n\n<div style=\"height:26px\" aria-hidden=\"true\" class=\"wp-block-spacer\"><\/div>\n\n\n\n<p>Steuernummer: 257\/276\/60804 <\/p>\n\n\n\n<p>USt-IdNr.: DE173855889 <\/p>\n\n\n\n<div style=\"height:20px\" aria-hidden=\"true\" class=\"wp-block-spacer\"><\/div>\n\n\n\n<p>Bildernachweis:  www.pixabay.com <\/p>\n\n\n\n<p><br><\/p>\n\n\n\n<hr class=\"wp-block-separator has-css-opacity\"\/>\n\n\n\n<h2 class=\"wp-block-heading\"> Disclaimer  <\/h2>\n\n\n\n<h3 class=\"wp-block-heading\"><strong>1. Haftungsbeschr\u00e4nkung<\/strong> <\/h3>\n\n\n\n<p>Die Inhalte dieser\nWebsite werden mit gr\u00f6\u00dftm\u00f6glicher Sorgfalt erstellt. Der Anbieter \u00fcbernimmt\njedoch keine Gew\u00e4hr f\u00fcr die Richtigkeit, Vollst\u00e4ndigkeit und Aktualit\u00e4t der\nbereitgestellten Inhalte. Die Nutzung der Inhalte der Website erfolgt auf\neigene Gefahr des Nutzers. Namentlich gekennzeichnete Beitr\u00e4ge geben die Meinung des jeweiligen Autors\nund nicht immer die Meinung des Anbieters wieder. Mit der reinen Nutzung der\nWebsite des Anbieters kommt keinerlei Vertragsverh\u00e4ltnis zwischen dem Nutzer\nund dem Anbieter zustande. <\/p>\n\n\n\n<h3 class=\"wp-block-heading\"> <strong>2. Externe Links<\/strong> <\/h3>\n\n\n\n<p>Diese Website enth\u00e4lt\nVerkn\u00fcpfungen zu Websites Dritter (\u201eexterne Links\u201c). Diese Websites unterliegen\nder Haftung der jeweiligen Betreiber. Der Anbieter hat bei der erstmaligen Verkn\u00fcpfung\nder externen Links die fremden Inhalte daraufhin \u00fcberpr\u00fcft, ob etwaige\nRechtsverst\u00f6\u00dfe bestehen. Zu dem Zeitpunkt waren keine Rechtsverst\u00f6\u00dfe\nersichtlich. Der Anbieter hat keinerlei Einfluss auf die aktuelle und\nzuk\u00fcnftige Gestaltung und auf die Inhalte der verkn\u00fcpften Seiten. Das Setzen\nvon externen Links bedeutet nicht, dass sich der Anbieter die hinter dem\nVerweis oder Link liegenden Inhalte zu Eigen macht. Eine st\u00e4ndige Kontrolle der\nexternen Links ist f\u00fcr den Anbieter ohne konkrete Hinweise auf Rechtsverst\u00f6\u00dfe\nnicht zumutbar. Bei Kenntnis von Rechtsverst\u00f6\u00dfen werden jedoch derartige\nexterne Links unverz\u00fcglich gel\u00f6scht. <\/p>\n\n\n\n<h3 class=\"wp-block-heading\"> <strong>3. Urheber- und Leistungsschutzrechte<\/strong> <\/h3>\n\n\n\n<p>Die auf dieser Website\nver\u00f6ffentlichten Inhalte unterliegen dem deutschen Urheber- und Leistungsschutzrecht.\nJede vom deutschen Urheber- und Leistungsschutzrecht nicht zugelassene\nVerwertung bedarf der vorherigen schriftlichen Zustimmung des Anbieters oder\njeweiligen Rechteinhabers. Dies gilt insbesondere f\u00fcr Vervielf\u00e4ltigung,\nBearbeitung, \u00dcbersetzung, Einspeicherung, Verarbeitung bzw. Wiedergabe von\nInhalten in Datenbanken oder anderen elektronischen Medien und Systemen.\nInhalte und Rechte Dritter sind dabei als solche gekennzeichnet. Die unerlaubte\nVervielf\u00e4ltigung oder Weitergabe einzelner Inhalte oder kompletter Seiten ist\nnicht gestattet und strafbar. Lediglich die Herstellung von Kopien und\nDownloads f\u00fcr den pers\u00f6nlichen, privaten und nicht kommerziellen Gebrauch ist\nerlaubt. Die\nDarstellung dieser Website in fremden Frames ist nur mit schriftlicher\nErlaubnis zul\u00e4ssig.<\/p>\n\n\n\n<h3 class=\"wp-block-heading\"> <strong>4. Datenschutz<\/strong> <\/h3>\n\n\n\n<p>N\u00e4here Informationen\nzu unserer Datenschutzvereinbarung in \u00dcbereinstimmung mit der aktuellen DSGVO\nfinden Sie <a href=\"https:\/\/www.starkht.de\/datenschutzerklaerung.htm\">hier<\/a>. <\/p>\n\n\n\n<h3 class=\"wp-block-heading\"><strong>5. Besondere Nutzungsbedingungen<\/strong> <\/h3>\n\n\n\n<p>Soweit besondere Bedingungen f\u00fcr einzelne Nutzungen dieser Website von den vorgenannten Nummern 1. bis 4. abweichen, wird an entsprechender Stelle ausdr\u00fccklich darauf hingewiesen. In diesem Falle gelten im jeweiligen Einzelfall die besonderen Nutzungsbedingungen. Quelle: <a rel=\"noreferrer noopener\" href=\"http:\/\/Juraforum.de\" target=\"_blank\">Juraforum.de<\/a>&nbsp;\u2013 <a rel=\"noreferrer noopener\" href=\"http:\/\/www.juraforum.de\/disclaimer_muster\/\" target=\"_blank\">Disclaimer<\/a> <\/p>\n\n\n\n<h3 class=\"wp-block-heading\"><strong>6. Wichtige Hinweise<\/strong>  <\/h3>\n\n\n\n<p>Generell stellen die Informationen auf diesen Internetseiten und\/oder etwa \u00fcbermittelte Nachrichten kein Angebot im rechtlichen Sinne dar. Die Informationen auf diesen Internetseiten sollen weder eine Empfehlung f\u00fcr eine ungepr\u00fcfte Investitionsentscheidung, noch eine Beratung im Sinne eines (entgeltlichen) Gesch\u00e4ftsbesorgungsvertrages darstellen. Torsten Stark ist kein Makler\/H\u00e4ndler oder registrierter Anlageberater im Sinne des US-amerikanischen Wertpapierrechts oder der Wertpapierrechte anderer Rechtssysteme und erteilt dritten Personen keine Beratung hinsichtlich von Anlagen in bzw. dem Kauf oder Verkauf von Wertpapieren oder anderen Finanzprodukten oder -dienstleistungen. Keine der Angaben im Text oder sonstigen Unterlagen stellen ein Angebot oder eine Aufforderung zum Kauf oder Verkauf von Wertpapieren dar. Finanzprodukte, Finanzierungsanbieter oder Finanzdienstleistungen werden von Torsten Stark weder empfohlen noch bef\u00fcrwortet. Die Entscheidung und Verantwortung \u00fcber einen etwaigen Vertragsabschluss mit Dritten tr\u00e4gt allein der Unternehmer und nicht Torsten Stark. Rechts- und Steuerberatung wird nicht ausge\u00fcbt. Die Informationen auf diesen Internetseiten ist nicht rechtsverbindlich. Alle Angaben sind freibleibend und unverbindlich und erlangen erst durch Abschluss rechtsg\u00fcltiger Vertr\u00e4ge mit den zu beteiligenden Seiten und Teilnehmern verbindlichen Charakter. Vertr\u00e4ge sind nur im Original g\u00fcltig. Unterschriften sind nur im Original g\u00fcltig und auch nur dann, wenn sie mit dokumentenechten Schreibger\u00e4ten erstellt wurden. M\u00fcndliche \/ fernm\u00fcndliche \/ E-Mail Ausk\u00fcnfte sind stets unverbindlich und gelten nur bei schriftlicher Best\u00e4tigung im Original mit Original-Unterschrift durch ein alleinvertretungsberechtigtes Mitglied der Gesch\u00e4ftsleitung! Unternehmenst\u00e4tigkeiten erfolgen ausschlie\u00dflich zu den allgemeinen Gesch\u00e4ftsbedingungen und aktuellen Honorar- &amp; Geb\u00fchrens\u00e4tzen ! Gesch\u00e4fts-, Tarif-, Auftrags-, Zahlungs-, Arbeits-, Kooperations-, oder Lieferbedingungen von Dritten werden generell nicht anerkannt und werden ausdr\u00fccklich nicht (auch nicht stillschweigend, konkludent oder durch Auftragserteilung) Gegenstand irgendeiner Vereinbarung zwischen Torsten Stark und Dritten. In keinem Fall \u00fcbernehmen Torsten Stark irgendwelche Kosten. Die Kosten\u00fcbernahme durch Torsten Stark ist ebenfalls ausgeschlossen f\u00fcr alle F\u00e4lle in denen Torsten Stark als Bevollm\u00e4chtigter oder in Vertretung f\u00fcr Dritte auftreten. Alle auf dieses Seiten dargestellten Daten oder Texte dienen ausschlie\u00dflich Informations- &amp; Illustrationszwecken und sind ausdr\u00fccklich ohne Verpflichtung von Torsten Stark. Eine Gew\u00e4hr f\u00fcr die Richtigkeit und Vollst\u00e4ndigkeit der von Torsten Stark \u00fcbermittelten Angaben und\/oder Informationen kann ausdr\u00fccklich nicht \u00fcbernommen werden. Alle Angaben wurden in der festen \u00dcberzeugung get\u00e4tigt, dass f\u00fcr keine der etwa angesprochenen Transaktionen, Vorhaben oder Angaben eine besondere Erlaubnis oder Genehmigung von Seiten des BAFIN oder anderer Beh\u00f6rden oder hoheitlicher Organisationen der Bundesrepublik Deutschland oder des Sitzlandes des Empf\u00e4ngers dieser Nachricht erforderlich ist. Sollte diese Annahme unzutreffend sein, so soll diese Nachricht\/Information als \u201enicht geschrieben\u201c gelten.<\/p>\n\n\n\n<h3 class=\"wp-block-heading\"> <strong>7. Risikohinweise<\/strong> <\/h3>\n\n\n\n<p>Wir weisen (potenzielle) Auftraggeber darauf hin, dass aufgrund der Komplexit\u00e4t vieler Aufgabenstellung, der im Vorfeld \u00fcblicherweise nicht vorhersehbaren Ergebnisse von zu erteilenden Auftr\u00e4gen und des bisweilen sehr gro\u00dfen Investitionsvolumens ein ganz erhebliches Kostenrisiko zulasten eines Auftraggebers entstehen kann. Aufgrund des seit einiger Zeit weltwirtschaftlich sehr angespannten Marktumfeldes, sind die Risiken f\u00fcr Unternehmen und Unternehmer deutlich gestiegen. Von einer zuverl\u00e4ssig planbaren Zukunft kann und darf niemand ausgehen! Jederzeit k\u00f6nnen sich politische, w\u00e4hrungspolitische, gesetzliche, ordnungs- &amp; haftungsrechtliche, finanzielle und eine Vielzahl weiterer Indikatoren massiv \u00e4ndern. Dies kann dazu f\u00fchren, dass geplante Vorhaben schlechtesten falls gar nicht mehr, zumindest jedoch nicht mehr sinnvoll, durchgef\u00fchrt werden k\u00f6nnen. In der Folge k\u00f6nnten alle schon get\u00e4tigten und\/oder noch zu t\u00e4tigenden Investitionen verloren gehen. Auftraggebern muss im Rahmen der eigenen Ideen- und\/oder Entscheidungsfindung bzw. der Ideen- und\/oder Entscheidungsumsetzung sehr klar sein, dass unternehmerische Entscheidungen latent immer erhebliche Risiken in sich bergen. Diese Risiken k\u00f6nnen im Einzelfall sogar existenzielle Auswirkungen haben und zu totalen Verm\u00f6gensverlusten f\u00fchren. Generell birgt jede Investition latent das Risiko, dass ein Totalverlust eintreten k\u00f6nnte, die Investitionskosten nicht wieder hereinkommen, oder die Investition nicht die prognostizierte Rendite erbringt. Wenn ein Unternehmer \/ Auftraggeber nicht \u00fcber angemessene und ausreichende eigene finanzielle Mittel verf\u00fcgt, bei deren Totalverlust nicht auch die eigene wirtschaftliche Existenz vernichtet werden k\u00f6nnte und\/oder der Unternehmer nicht sehr sicher ist, dass er tats\u00e4chlich die rechtlichen, steuerlichen, betriebswirtschaftlichen, famili\u00e4ren und sonstigen denkbaren Auswirkungen seines Handelns \u00fcberblickt und f\u00fcr sich zuverl\u00e4ssig einsch\u00e4tzen kann, so sollte er in jedem Fall \u00fcberaus gr\u00fcndlich pr\u00fcfen, ob er tats\u00e4chlich mit seinem Vorhaben fortschreiten sollte. Torsten Stark r\u00e4t jedem Unternehmer\/Auftraggeber ausdr\u00fccklich AB, jedwedes finanzielle Risiko, einschlie\u00dflich des Abschlusses eines Vertrages mit Torsten Stark und der Gesch\u00e4ftsidee an sich, einzugehen, wenn dem Unternehmer\/Auftraggeber die volle Tragweite und die m\u00f6glichen Auswirkungen seines Handels nicht vollkommen bewusst sind und er nicht sowohl finanziell, als auch mental in der Lage ist, derartige Risiken einzugehen. Torsten Stark weist ausdr\u00fccklich darauf hin, dass es NICHT Gegenstand eines Vertrages mit Torsten Stark ist, die pers\u00f6nliche, unternehmerische, fachliche, mentale Eignung eines Auftraggebers in Hinblick auf die zu betrachtende Gesch\u00e4ftsidee zu beurteilen. Alle f\u00fcr eine Zusammenarbeit mit und\/oder die Beauftragung von Torsten Stark relevanten Unterlagen (Honorar\u00fcbersicht, Gesch\u00e4ftsgrunds\u00e4tze etc. etc.) liegen in den Gesch\u00e4ftsr\u00e4umen der Torsten Stark f\u00fcr jeden Besucher jederzeit sichtbar aus. Torsten Stark wird einem Auftraggeber auf Wunsch die f\u00fcr Vertragsverh\u00e4ltnisse derzeit g\u00fcltige Honorar\u00fcbersicht, die Gesch\u00e4ftsgrunds\u00e4tze, die Honorarordnung, die Grunds\u00e4tze f\u00fcr die Berechnung der Honorare und die Anwendungsbereiche, Regels\u00e4tze und Grundverg\u00fctungen vorlegen und erl\u00e4utern. Bei Investitionsbetr\u00e4gen in Millionenh\u00f6he ergeben sich m\u00f6gliche Gesamtkosten in durchaus (h\u00f6herem) sechsstelligem Volumen an betriebswirtschaftlichen und au\u00dferhalb eines Vertrages mit Torsten Stark auf Seiten des Auftraggebers etwa anfallender oder bereits angefallener Vorbereitungs-, Planungs-, Rechtsanwalts-, Notar-, Gr\u00fcndungs-, Absicherungs- und Genehmigungskosten. Ggf. k\u00f6nnten namhafte Vermittlungshonorare in Prozenth\u00f6he des geplanten Investitionsvorhabens an externe und vom (potenziellen) Auftraggeber selbst beauftragte Finanzierungsvermittler anfallen. Sollte ein mit Torsten Stark geschlossener Vertrag aus Gr\u00fcnden die ein Auftraggeber zu vertreten hat beendet werden, entstehen dem Auftraggeber aus diesem Vertrag erhebliche \u2013nicht r\u00fcckzahlbare- Kosten. Die H\u00f6he der Kosten bel\u00e4uft sich \u2013je nach Zeitpunkt der vom AG zu vertretenden Beendigung- auf ein zumindest f\u00fcnfstelliges Volumen und kann, gegen Ende der Auftragsbearbeitung durch Torsten Stark, sogar die volle Honorarh\u00f6he erreichen. Die geleisteten Zahlungen sind im Falle der Leistungserbringung durch Torsten Stark, mit Ausnahme der nicht abdingbaren gesetzlichen Schutzvorschriften in keinem Fall r\u00fcckzahlbar. Sollte ein Auftraggeber einen auf den Vertragsgegenstand bezogenen Abschluss einer Versicherung w\u00fcnschen, so ist dies als Anhang zu einem abzuschlie\u00dfenden Vertrag schriftlich zu vereinbaren. Die Kosten einer solchen Versicherung werden dem Auftraggeber neben den vereinbarten Honoraren berechnet und sind von ihm als Vorschuss zus\u00e4tzlich zu bezahlen. <\/p>\n\n\n\n<p><\/p>\n","protected":false},"excerpt":{"rendered":"<p>Torsten Stark Am Schenkenfeld 23d D-97209 Veitsh\u00f6chheim Telefon: +49 931 9911121 Telefax: +49 931 9709384 E-Mail: info@starkht.de Gesch\u00e4ftsf\u00fchrer: Torsten Stark Steuernummer: 257\/276\/60804 USt-IdNr.: DE173855889 Bildernachweis: www.pixabay.com Disclaimer 1. Haftungsbeschr\u00e4nkung Die Inhalte dieser Website werden mit gr\u00f6\u00dftm\u00f6glicher Sorgfalt erstellt. Der Anbieter \u00fcbernimmt jedoch keine Gew\u00e4hr f\u00fcr die Richtigkeit, Vollst\u00e4ndigkeit und Aktualit\u00e4t der bereitgestellten Inhalte. Die Nutzung&hellip; <br \/> <a class=\"read-more\" href=\"https:\/\/www.starkht.de\/?page_id=25\">Weiterlesen<\/a><\/p>\n","protected":false},"author":2,"featured_media":0,"parent":0,"menu_order":5,"comment_status":"closed","ping_status":"closed","template":"","meta":{"footnotes":""},"class_list":["post-25","page","type-page","status-publish","hentry"],"_links":{"self":[{"href":"https:\/\/www.starkht.de\/index.php?rest_route=\/wp\/v2\/pages\/25"}],"collection":[{"href":"https:\/\/www.starkht.de\/index.php?rest_route=\/wp\/v2\/pages"}],"about":[{"href":"https:\/\/www.starkht.de\/index.php?rest_route=\/wp\/v2\/types\/page"}],"author":[{"embeddable":true,"href":"https:\/\/www.starkht.de\/index.php?rest_route=\/wp\/v2\/users\/2"}],"replies":[{"embeddable":true,"href":"https:\/\/www.starkht.de\/index.php?rest_route=%2Fwp%2Fv2%2Fcomments&post=25"}],"version-history":[{"count":8,"href":"https:\/\/www.starkht.de\/index.php?rest_route=\/wp\/v2\/pages\/25\/revisions"}],"predecessor-version":[{"id":437,"href":"https:\/\/www.starkht.de\/index.php?rest_route=\/wp\/v2\/pages\/25\/revisions\/437"}],"wp:attachment":[{"href":"https:\/\/www.starkht.de\/index.php?rest_route=%2Fwp%2Fv2%2Fmedia&parent=25"}],"curies":[{"name":"wp","href":"https:\/\/api.w.org\/{rel}","templated":true}]}}